{"id":100,"date":"2020-10-28T15:34:53","date_gmt":"2020-10-28T15:34:53","guid":{"rendered":"https:\/\/vorstand.hoffnungsvolle-tierherzen.de\/?page_id=100"},"modified":"2020-11-04T13:03:20","modified_gmt":"2020-11-04T13:03:20","slug":"impressum","status":"publish","type":"page","link":"https:\/\/vorstand.hoffnungsvolle-tierherzen.de\/?page_id=100","title":{"rendered":"Impressum"},"content":{"rendered":"\n<p><strong><em>Impressum<\/em><\/strong><br><br><em>Hoffnungsvolle Tierherzen e.V.<\/em><br><em>Birkenstra\u00dfe 2<\/em><br><em>76879 Essingen\/Pfalz<\/em><br><br><em>E-Mail:&nbsp; info@hoffnungsvolle-tierherzen.de<\/em><br><em>Internet: www.hoffnungsvolle-tierherzen.de<\/em><br><br><strong><em>Registergericht:<\/em><\/strong><br><em>Amtsgericht Landau in der Pfalz<\/em><br><em>Registerblatt VR 3066<\/em><br><br><strong><em>Gerichtsstand:<\/em><\/strong><br><em>Amtsgericht Landau\/Pfalz<\/em><br>76829 Landau in der Pfalz<\/p>\n\n\n\n<p><em>\u200b<\/em><strong><em>Finanzamt:<\/em><\/strong><br>Landau in der Pfalz<br>Steuer-Nr.: 27\/658\/50433<br><br><em>Der Verein Hoffnungsvolle Tierherzen e.V. ist als Gemeinn\u00fctzig anerkannt.<\/em><br><em>Gr\u00fcndungsdatum: 20.10.2018<\/em><\/p>\n\n\n\n<p><em>\u200b<\/em><strong><em>Zust\u00e4ndiges Veterin\u00e4ramt:<\/em><\/strong><br><em>Kreisverwaltung S\u00fcdliche Weinstra\u00df<\/em>e<br><em>Abt. Veterin\u00e4rwesen und Landwirtschaft<\/em><br>An der Kreuzm\u00fchle 2<br>76829 Landau in der Pfalz<br><br><strong><em>Verantwortlich f\u00fcr den Inhalt der Seite:<\/em><\/strong><br><em>Julia Streitl<\/em><br><em>Birkenstra\u00dfe 2<\/em><br><em>76879 Essingen\/Pfalz<\/em><br><br><em>julia.streitl@hoffnungsvolle-tierherzen.de<\/em><br><em>Mobil: 01 77 &#8211; 21 16 44 7<\/em><br><br><strong>Diese Seite ist eine geschlossene Seite, nur f\u00fcr registrierte Benutzer des Vorstands!<\/strong><br><br><strong><em>Haftungsausschluss<\/em><\/strong><br><br><strong><em>1. Inhalt des Onlineangebotes:<\/em><\/strong><br><em>Der Autor \u00fcbernimmt keinerlei Gew\u00e4hr f\u00fcr die Aktualit\u00e4t, Korrektheit, Vollst\u00e4ndigkeit oder Qualit\u00e4t der bereitgestellten Informationen. Haftungsanspr\u00fcche gegen den Autor, welche sich auf Sch\u00e4den materieller oder ideeller Art beziehen, die durch die Nutzung oder Nichtnutzung der dargebotenen Informationen bzw. durch die Nutzung fehlerhafter und unvollst\u00e4ndiger Informationen verursacht wurden, sind grunds\u00e4tzlich ausgeschlossen, sofern seitens des Autors kein nachweislich vors\u00e4tzliches oder grob fahrl\u00e4ssiges Verschulden vorliegt.<\/em><br><em>Alle Angebote sind freibleibend und unverbindlich. Der Autor beh\u00e4lt es sich ausdr\u00fccklich vor, Teile der Seiten oder das gesamte Angebot ohne gesonderte Ank\u00fcndigung zu ver\u00e4ndern, zu erg\u00e4nzen, zu l\u00f6schen oder die Ver\u00f6ffentlichung zeitweise oder endg\u00fcltig einzustellen.<\/em><br><br><strong><em>2. Verweise und Links:<\/em><\/strong><br><em>Bei direkten oder indirekten Verweisen auf fremde Webseiten (\u201eHyperlinks\u201c), die au\u00dferhalb des Verantwortungsbereiches des Autors liegen, w\u00fcrde eine Haftungsverpflichtung ausschlie\u00dflich in dem Fall in Kraft treten, in dem der Autor von den Inhalten Kenntnis hat und es ihm technisch m\u00f6glich und zumutbar w\u00e4re, die Nutzung im Falle rechtswidriger Inhalte zu verhindern.<\/em><br><em>Der Autor erkl\u00e4rt hiermit ausdr\u00fccklich, dass zum Zeitpunkt der Linksetzung keine illegalen Inhalte auf den zu verlinkenden Seiten erkennbar waren. Auf die aktuelle und zuk\u00fcnftige Gestaltung, die Inhalte oder die Urheberschaft der verlinkten\/verkn\u00fcpften Seiten hat der Autor keinerlei Einfluss. Deshalb distanziert er sich hiermit ausdr\u00fccklich von allen Inhalten aller verlinkten \/verkn\u00fcpften Seiten, die nach der Linksetzung ver\u00e4ndert wurden. Diese Feststellung gilt f\u00fcr alle innerhalb des eigenen Internetangebotes gesetzten Links und Verweise sowie f\u00fcr Fremdeintr\u00e4ge in vom Autor eingerichteten G\u00e4steb\u00fcchern, Diskussionsforen, Linkverzeichnissen, Mailinglisten und in allen anderen Formen von Datenbanken, auf deren Inhalt externe Schreibzugriffe m\u00f6glich sind. F\u00fcr illegale, fehlerhafte oder unvollst\u00e4ndige Inhalte und insbesondere f\u00fcr Sch\u00e4den, die aus der Nutzung oder Nichtnutzung solcherart dargebotener Informationen entstehen, haftet allein der Anbieter der Seite, auf welche verwiesen wurde, nicht derjenige, der \u00fcber Links auf die jeweilige Ver\u00f6ffentlichung lediglich verweist.<\/em><br><br><strong><em>3. Urheber- und Kennzeichenrecht:<\/em><\/strong><br><em>Der Autor ist bestrebt, in allen Publikationen die Urheberrechte der verwendeten Bilder, Grafiken, Tondokumente, Videosequenzen und Texte zu beachten, von ihm selbst erstellte Bilder, Grafiken, Tondokumente, Videosequenzen und Texte zu nutzen oder auf lizenzfreie Grafiken, Tondokumente, Videosequenzen und Texte zur\u00fcckzugreifen.<\/em><br><em>Alle innerhalb des Internetangebotes genannten und ggf. durch Dritte gesch\u00fctzten Marken- und Warenzeichen unterliegen uneingeschr\u00e4nkt den Bestimmungen des jeweils g\u00fcltigen Kennzeichenrechts und den Besitzrechten der jeweiligen eingetragenen Eigent\u00fcmer. Allein aufgrund der blo\u00dfen Nennung ist nicht der Schluss zu ziehen, dass Markenzeichen nicht durch Rechte Dritter gesch\u00fctzt sind!<\/em><br><em>Das Copyright f\u00fcr ver\u00f6ffentlichte, vom Autor selbst erstellte Objekte bleibt allein beim Autor der Seiten. Eine Vervielf\u00e4ltigung oder Verwendung solcher Grafiken, Tondokumente, Videosequenzen und Texte in anderen elektronischen oder gedruckten Publikationen ist ohne ausdr\u00fcckliche Zustimmung des Autors nicht gestattet.<\/em><br><br><strong><em>4. Datenschutz:<\/em><\/strong><br><em>Die Nutzung unserer Webseite ist in der Regel ohne Angabe personenbezogener Daten m\u00f6glich. Soweit auf unseren Seiten personenbezogene Daten (beispielsweise Name, Anschrift oder E-Mail-Adressen) erhoben werden, erfolgt dies, soweit m\u00f6glich, stets auf freiwilliger Basis. Diese Daten werden ohne Ihre ausdr\u00fcckliche Zustimmung nicht an Dritte weitergegeben.<\/em><br><em>Wir weisen darauf hin, dass die Daten\u00fcbertragung im Internet (z.B. bei der Kommunikation per E-Mail) Sicherheitsl\u00fccken aufweisen kann. Ein l\u00fcckenloser Schutz der Daten vor dem Zugriff durch Dritte ist nicht m\u00f6glich.<\/em><br><em>Mit dem Absenden der Bewerbung stimmen Sie der Speicherung der erhobenen Daten, sowie der Nutzung und Auswertung im Rahmen des jeweiligen Auswahlverfahrens zu. Haben Sie eine Einwilligung dazu gegen, darf der Verein die von Ihnen \u00fcberlassenen Daten au\u00dferdem f\u00fcr Auswahlverfahren zuk\u00fcnftiger Anfragen nutzen.<\/em><\/p>\n\n\n\n<p><strong><em>Weitergabe an Dritte<\/em><\/strong><br><em>1) Verantwortliche Stelle im Sinne des Bundesdatenschutzgesetzes ist Hoffnungsvolle Tierherzen e.V. Der Verein wird die \u00fcber das Bewerbungsformular oder per E-Mail \u00fcberlassenen personenbezogenen Daten mit Ausnahmen von Punkt 2 und 3 nicht an Dritte weitergeben.<\/em><br><em>2) Der Verein darf erhobene personenbezogene Daten an die spanischen Partner-Tierheime bzw. -Tiersch\u00fctzer und -Pfleger weitergeben, soweit dies f\u00fcr das Auswahlverfahren erforderlich ist. Zudem ist der Verein befugt, nach geltenden Bestimmungen Auskunft gegen\u00fcber Strafverfolgungsbeh\u00f6rden und Gerichten zu erteilen.<\/em><br><em>3) Der Verein ist au\u00dferdem dazu berechtigt, die Datenverarbeitung und Speicherung ganz oder teilweise durch Dritte durchf\u00fchren zu lassen. Eine Weitergabe der Daten erfolgt in diesem Fall ausschlie\u00dflich insoweit dies f\u00fcr die technische Abwicklung erforderlich ist und unter Beachtung der anwendbaren datenschutzrechtlichen Bestimmungen. Die \u00dcbermittlung der Daten ist in diesem Fall auf den Zweck der technischen Zusammenarbeit beschr\u00e4nkt.<\/em><br><br><strong><em>Informationssicherheit<\/em><\/strong><br><em>Der Verein trifft angemessene organisatorische und technische Vorkehrungen, um personenbezogenen Daten vor Verlust, Zerst\u00f6rung, Manipulation und unberechtigten Zugriff zu sch\u00fctzen.<\/em><br><br><strong><em>Auskunftsrecht &amp; Widerruf:<\/em><\/strong><br><em>Ihnen steht jederzeit ein Auskunftsrecht gegen\u00fcber dem Verein \u00fcber Ihre gespeicherten personenbezogenen Daten zu, sowie das Recht auf die Berichtigung falscher Daten, Sperrung und L\u00f6schung. Erteilte Einwilligungen zur Speicherung und Nutzung Ihrer personenbezogenen Daten k\u00f6nnen Sie jederzeit mit Wirkung f\u00fcr die Zukunft per E-Mail gegen\u00fcber dem Verein widerrufen.<\/em><br><br><strong><em>\u00c4nderungen &amp; salvatorische Klausel<\/em><\/strong><br><em>F\u00fcr den Fall der \u00dcberarbeitung der Datenschutzerkl\u00e4rung wird der Verein die aktuell g\u00fcltige Fassung an dieser Stelle ver\u00f6ffentlichen. Sollten einzelne Bestimmungen dieser Datenschutzerkl\u00e4rung oder dessen Formulierung unwirksam sein, ber\u00fchrt dies nicht die Wirksamkeit anderer Regelungen.<\/em><br><br><em>Quellen: eRecht24 Disclaimer, Facebook-Disclaimer von eRecht24<\/em><br><br><strong><em>5. Rechtswirksamkeit dieses Haftungsausschlusses:<\/em><\/strong><br><em>Dieser Haftungsausschluss ist als Teil des Internetangebotes zu betrachten, von dem aus auf diese Seite verwiesen wurde. Sofern Teile oder einzelne Formulierungen dieses Textes der geltenden Rechtslage nicht, nicht mehr oder nicht vollst\u00e4ndig entsprechen sollten, bleiben die \u00fcbrigen Teile des Dokumentes in ihrem Inhalt und ihrer G\u00fcltigkeit davon unber\u00fchrt.<\/em><\/p>\n\n\n\n<p><\/p>\n","protected":false},"excerpt":{"rendered":"<p>Impressum Hoffnungsvolle Tierherzen e.V.Birkenstra\u00dfe 276879 Essingen\/Pfalz E-Mail:&nbsp; info@hoffnungsvolle-tierherzen.deInternet: www.hoffnungsvolle-tierherzen.de Registergericht:Amtsgericht Landau in der PfalzRegisterblatt VR 3066 Gerichtsstand:Amtsgericht Landau\/Pfalz76829 Landau in der Pfalz \u200bFinanzamt:Landau in der PfalzSteuer-Nr.: 27\/658\/50433 Der Verein Hoffnungsvolle Tierherzen e.V. ist als Gemeinn\u00fctzig anerkannt.Gr\u00fcndungsdatum: 20.10.2018 \u200bZust\u00e4ndiges Veterin\u00e4ramt:Kreisverwaltung S\u00fcdliche<\/p>\n","protected":false},"author":1,"featured_media":0,"parent":0,"menu_order":0,"comment_status":"closed","ping_status":"closed","template":"","meta":[],"_links":{"self":[{"href":"https:\/\/vorstand.hoffnungsvolle-tierherzen.de\/index.php?rest_route=\/wp\/v2\/pages\/100"}],"collection":[{"href":"https:\/\/vorstand.hoffnungsvolle-tierherzen.de\/index.php?rest_route=\/wp\/v2\/pages"}],"about":[{"href":"https:\/\/vorstand.hoffnungsvolle-tierherzen.de\/index.php?rest_route=\/wp\/v2\/types\/page"}],"author":[{"embeddable":true,"href":"https:\/\/vorstand.hoffnungsvolle-tierherzen.de\/index.php?rest_route=\/wp\/v2\/users\/1"}],"replies":[{"embeddable":true,"href":"https:\/\/vorstand.hoffnungsvolle-tierherzen.de\/index.php?rest_route=%2Fwp%2Fv2%2Fcomments&post=100"}],"version-history":[{"count":15,"href":"https:\/\/vorstand.hoffnungsvolle-tierherzen.de\/index.php?rest_route=\/wp\/v2\/pages\/100\/revisions"}],"predecessor-version":[{"id":186,"href":"https:\/\/vorstand.hoffnungsvolle-tierherzen.de\/index.php?rest_route=\/wp\/v2\/pages\/100\/revisions\/186"}],"wp:attachment":[{"href":"https:\/\/vorstand.hoffnungsvolle-tierherzen.de\/index.php?rest_route=%2Fwp%2Fv2%2Fmedia&parent=100"}],"curies":[{"name":"wp","href":"https:\/\/api.w.org\/{rel}","templated":true}]}}