{"id":102,"date":"2020-10-28T15:35:37","date_gmt":"2020-10-28T15:35:37","guid":{"rendered":"https:\/\/vorstand.hoffnungsvolle-tierherzen.de\/?page_id=102"},"modified":"2020-10-29T12:19:27","modified_gmt":"2020-10-29T12:19:27","slug":"datenschutzerklaerung","status":"publish","type":"page","link":"https:\/\/vorstand.hoffnungsvolle-tierherzen.de\/?page_id=102","title":{"rendered":"Datenschutzerkl\u00e4rung"},"content":{"rendered":"\n<p><strong><em>Datenschutzerkl\u00e4rung<\/em><\/strong><br><em>Hoffnungsvolle Tierherzen e.V. nimmt den Schutz personenbezogener Daten sehr ernst. Aus diesem Grund m\u00f6chten wir die Nutzer unseres Internetangebots auch dar\u00fcber informieren, welche Daten gespeichert werden und wie diese Daten verwendet werden.<\/em><br><br><em>Diese Datenschutzerkl\u00e4rung (Privacy Policy) gilt f\u00fcr alle Internet-Auftritte von Hoffnungsvolle Tierherzen e.V. Auf Servern\/Internet-Seiten, zu denen externe Links f\u00fchren, kann es eine andere Privacy Policy geben.<\/em><\/p>\n\n\n\n<h5><em><strong>Verantwortliche Stelle<\/strong><\/em>:<br><em>Hoffnungsvolle Tierherzen e.V.<\/em><br><em>Birkenstra\u00dfe 2<\/em><br><em>76879 Essingen<\/em><br><em>Tel.: 01 77 \u2013 21 16 44 7<\/em><br><em>E-Mail: info@hoffnungsvolle-tierherzen.de<\/em><br><br><em>N\u00e4here Angaben sind dem Impressum zu entnehmen.<\/em><br><br><em><strong>Betroffenenrechte und Beschwerderecht bei einer Aufsichtsbeh\u00f6rde<\/strong><\/em><br><em>Sie haben das Recht, von Hoffnungsvolle Tierherzen e.V. unentgeltlich Auskunft \u00fcber Ihre gespeicherten Daten zu erhalten.<\/em><br><br><em>Es gelten folgende Rechte:<\/em><\/h5>\n\n\n\n<ul><li><em>Auskunftsrecht \u2013 Das Recht zu erfahren, welche Daten gesammelt und wie sie verarbeitet wurden<\/em><\/li><li><em>Recht auf Berichtigung \u2013 Das Recht, die \u00c4nderung personenbezogener Daten zu verlangen, wenn diese nicht aktuell sind<\/em><\/li><li><em>Recht auf L\u00f6schung \u2013 Recht auf L\u00f6schung der personenbezogenen Daten<\/em><\/li><li><em>Recht auf Einschr\u00e4nkung der Verarbeitung \u2013 Recht auf Beschr\u00e4nkung der Verarbeitung<\/em><\/li><li><em>Recht auf Daten\u00fcbertragbarkeit \u2013 Das Recht, personenbezogene Daten direkt von einem System in ein anders zu \u00fcbertragen (in maschinenlesbarer Form)<\/em><\/li><li><em>Widerspruchsrecht \u2013 Das Recht, die erteilte Einwilligung zu widerrufen oder der Verarbeitung personenbezogener Daten zu widersprechen (z.B. bei berechtigtem Interesse).&nbsp;<\/em><\/li><\/ul>\n\n\n\n<p><em>Beschwerden gegen Hoffnungsvolle Tierherzen e.V. k\u00f6nnen bei den Aufsichtsbeh\u00f6rden eingereicht werden.<\/em><br><em>Verantwortliche Stelle f\u00fcr Hoffnungsvolle Tierherzen e.V. ist:<\/em><\/p>\n\n\n\n<p><em>Der Landesbeauftragte f\u00fcr Datenschutz und die Informationsfreiheit in Rheinland-Pfalz<\/em><br><em>Hintere Bleiche 34<\/em><br><em>55116 Mainz<\/em><br><em>Email: poststelle@datenschutz.rlp.de<\/em><br><br><em><strong>Erhebung, Speicherung und Verwendung von Daten<\/strong><\/em><br><em>Bei der Nutzung unserer Internetangebote werden auch personenbezogene Daten erhoben, gespeichert und genutzt. Personenbezogenen Daten sind Einzelangaben \u00fcber pers\u00f6nliche oder sachliche Verh\u00e4ltnisse einer bestimmten oder bestimmbaren nat\u00fcrlichen Person, die Aussagen zu ihrem Verhalten oder ihren Eigenschaften liefern. Dazu geh\u00f6ren Name, Anschrift, Telefonnummer, E-Mailadresse, aber auch Angaben zu pers\u00f6nlichen Interessen, wenn diese Angaben Ihnen pers\u00f6nlich direkt oder indirekt zugeordnet werden k\u00f6nnen.<\/em><br><em>Die Bereitstellung Ihrer personenbezogenen Daten ist f\u00fcr die Nutzung unserer Webseiten weder gesetzlich noch vertraglich vorgeschrieben.<\/em><br><em>Um Ihre Anfrage zu beantworten oder f\u00fcr die Formulare auf den jeweiligen Seiten des Kontakt-, Pflegestellenantags- und Adoptionsantragsformular ben\u00f6tigen wir einige Angaben von Ihnen. Dazu geh\u00f6ren zum Beispiel Ihr Name und Ihre Anschrift sowie Ihre E-Mail-Adresse oder Ihr Geburtsdatum. Ihre Angaben werden ausschlie\u00dflich f\u00fcr die Abwicklung der genannten Zwecke verwendet.\u00a0<\/em><br><br><em>Wir erheben und verarbeiten Ihre Daten zur Mitgliedschaften.<\/em><br><br><em><strong>Rechtsgrundlage zur Verwendung Ihrer Daten<\/strong><\/em><br><em>Die Verarbeitung Ihrer Daten erfolgt insbesondere basierend auf einer der folgenden Rechtsgrundlagen:<\/em><\/p>\n\n\n\n<ul><li><em>Einer von Ihnen wirksam erteilten Einwilligung (Art. 6 Abs. 1 a DSGVO) , welche Sie jederzeit widerrufen k\u00f6nnen;<\/em><\/li><li><em>zur Begr\u00fcndung oder Durchf\u00fchrung eines Vertrages oder sonstiger mit diesem unmittelbar in Verbindung stehenden Verbindlichkeiten (Art. 6 Abs. 1 b DSGVO);<\/em><\/li><li><em>zur Wahrung von rechtlichen Verpflichtungen (Art. 6 Abs. 1 c DSGVO);<\/em><\/li><li><em>zur Verfolgung von berechtigten Interessen von Hoffnungsvolle Tierherzen e.V. sofern nicht Ihre Interessen oder Grundrechte \u00fcberwiegen (Art. 6 Abs. 1 f DSGVO);<\/em><\/li><\/ul>\n\n\n\n<p><em>(Die folgende Liste enth\u00e4lt Beispiele, ist aber nicht beschr\u00e4nkt auf diese.)<\/em><\/p>\n\n\n\n<figure class=\"wp-block-table\"><table><tbody><tr><th><em><strong>Rechtliche Grundlagen<\/strong><\/em><\/th><th><em><strong>Beispiel f\u00fcr Prozesse<\/strong><\/em><\/th><th><em><strong>Beispiele f\u00fcr Datentypen<\/strong><\/em><\/th><\/tr><tr><td><em><strong>Einwilligung<\/strong> (die Sie jederzeit widerrufen k\u00f6nnen)<\/em><\/td><td><em>Newsletter-Anmeldung<\/em><\/td><td><em>E-Mail-Adresse, Name<\/em><\/td><\/tr><tr><td><em><strong>Vertragserf\u00fcllung<\/strong><\/em><\/td><td><em>Spenden, Mitgliedschaften<\/em><\/td><td><em>Name, Adresse, Telefonnummer, Zahlungsmethoden<\/em><\/td><\/tr><tr><td><em><strong>Rechtliche Verpflichtungen<\/strong><\/em><\/td><td><em>Offenlegung von Daten zur Erf\u00fcllung von Verpflichtungen gegen\u00fcber Beh\u00f6rden<\/em><\/td><td><em>Zahlungsmethode, Name<\/em><\/td><\/tr><tr><td><em><strong>Berechtigtes Interesse<\/strong> (F\u00fchrung des Unternehmens; Gew\u00e4hrleistung der Sicherheit des Unternehmens und des etablierten und praktizierten Unternehmens; Verbesserung des Service; zielgruppenorientiertes Marketing)<\/em><\/td><td><em>Untersuchungen zur Betrugspr\u00e4vention; Kundenbefragungen zur Serviceverbesserung; Targeting; Tracking<\/em><\/td><td><em>IP-Adresse, Ger\u00e4te-ID, Name, E-Mail-Adresse<\/em><\/td><\/tr><\/tbody><\/table><\/figure>\n\n\n\n<h5><em><strong>Empf\u00e4nger der Daten<\/strong><\/em><br><em>Ihre personenbezogenen Daten k\u00f6nnen in bestimmten F\u00e4llen an andere Unternehmen oder Rechtstr\u00e4ger weitergegeben werden, insbesondere an Dienstleister (z.B. Hosting-Partner, Social-Media-Unternehmen, Payment-Provider), Kampagnenpartner und staatliche Beh\u00f6rden (z.B. Finanzamt bei steuerrelevante Informationen).<\/em><br><br><em><strong>Verwendung von Social Plugins oder der &#8222;Share&#8220;-Funktion<\/strong><\/em><br><em>Hoffnungsvolle Tierherzen e.V. setzt auf seinen Internetangeboten teilweise Social Plugins bzw. \u201eShare&#8220;-Funktionen der folgenden Anbieter ein:<\/em><br><br><em>Facebook Inc., 1601 South California Avenue, Palo Alto, CA 94304, USA<\/em><br><br><em>Instagram Inc., 4 Grand Canal Square, Dublin 2, Ireland<\/em><br><\/h5>\n\n\n\n<h5><em>Standardm\u00e4\u00dfig ist das Plugin\u00a0deaktiviert. Erst wenn Sie als Nutzer auf einen der Buttons klicken, wird dieses aktiviert und eine Verbindung zu den Servern der Anbieter hergestellt. Mit dem zweiten Klick k\u00f6nnen Sie den Button dann nutzen. Weiterf\u00fchrende Erkl\u00e4rungen zu\u00a0sogenannten &#8222;2-Klick-L\u00f6sung&#8220;\u00a0finden Sie <a href=\"https:\/\/www.heise.de\/ct\/artikel\/2-Klicks-fuer-mehr-Datenschutz-1333879.html\">hier<\/a>.<\/em><br><br><em>Die Anbieter erhalten durch die Nutzung der Plugins die Information, dass Sie unsere Webseite besucht haben. Wenn Sie einen der Buttons anklicken w\u00e4hrend Sie in Ihrem jeweiligen Account eingeloggt sind, k\u00f6nnen Sie die Inhalte unserer Seiten auf Ihrem Profil verlinken. Dadurch kann der Anbieter den Besuch unserer Seiten Ihrem Benutzerkonto zuordnen. Wir weisen darauf hin, dass wir als Anbieter der Webseite keine Kenntnis vom Inhalt der \u00fcbermittelten Daten sowie deren Nutzung durch Facebook &amp; Co. erhalten.<\/em><br><em>Weitere Informationen zu dem Datenschutz der einzelnen Anbieter finden Sie in der jeweiligen Datenschutzerkl\u00e4rung.<\/em><br><br><em><strong>Speicherung der Daten<\/strong><\/em><br><em>Personenbezogene Daten werden gel\u00f6scht, wenn die Speicherung f\u00fcr die in dieser Datenschutzerkl\u00e4rung beschriebenen Zwecke nicht mehr erforderlich ist und die gesetzlichen Bestimmungen keine l\u00e4ngere Aufbewahrungsfrist vorsehen. Dar\u00fcber hinaus werden Ihre Daten gel\u00f6scht, wenn Sie Ihr Recht auf L\u00f6schung geltend machen. Wir speichern personenbezogene Daten l\u00e4nger als gesetzlich vorgeschrieben, wenn es durch unser berechtigtes Interesse abgedeckt und dies nicht verboten ist.<\/em><br><br><em><strong>Sichere Daten\u00fcbertragung<\/strong><\/em><br><em>Personenbezogene Daten, die Sie uns \u00fcber die Formulare auf der Spenden &amp; Helfen-Seite, bei der Bestellung eines Newsletters oder Kontaktanfragen zur Verf\u00fcgung stellen, werden \u00fcber eine sichere Verbindung in verschl\u00fcsselter Form zu uns \u00fcbertragen. Das eingesetzte Sicherheitsverfahren (SSL-Secure Sockets Layer) entspricht dem \u00fcblichen Stand der Technik. Hoffnungsvolle Tierherzen e.V. nutzt hierf\u00fcr &#8211; abh\u00e4ngig von Ihrem Browser &#8211; die in Deutschland sicherste Standard-Verschl\u00fcsselung mit bis zu 256 Bit, wie sie zum Beispiel auch von Banken eingesetzt wird.<\/em><br><em>Alle ehrenamtlichen Mitglieder von Hoffnungsvolle Tierherzen e.V., die Umgang mit Ihren Daten haben, sind auf die Einhaltung des Datenschutzes verpflichtet. Der Zugang zum System erfolgt \u00fcber ein Berechtigungsverfahren. SSL-Verschl\u00fcsselung (zu erkennen an https:\/\/ in der Adresszeile des Browsers und zum anderen an einem Schlosssymbol in der Statusleiste ganz unten im Browser) ist ein Protokoll zur Verschl\u00fcsselung von Daten bei der \u00dcbertragung vom Webserver zum Browser. Diese \u00dcbertragung bietet besonders hohe Sicherheit. Bei der \u00dcbertragung werden Ihre pers\u00f6nlichen Daten zwischen Ihrem Rechner und unserem SSL-Server mit dem SSL-Protokoll verschl\u00fcsselt.<\/em><br><br><em><strong>Haftung f\u00fcr Links<\/strong><\/em><br><em>Hoffnungsvolle Tierherzen e.V. erkl\u00e4rt hiermit ausdr\u00fccklich, dass zum Zeitpunkt der Linksetzung keine illegalen Inhalte auf den zu verlinkenden Seiten erkennbar waren. Auf die aktuelle und zuk\u00fcnftige Gestaltung, die Inhalte oder die Urheberschaft der verlinkten\/verkn\u00fcpften Seiten hat Hoffnungsvolle Tierherzen e.V. keinerlei Einfluss. Deshalb distanzieren wir uns hiermit ausdr\u00fccklich von allen Inhalten aller verlinkten\/verkn\u00fcpften Seiten, die nach der Linksetzung ver\u00e4ndert wurden. Diese Feststellung gilt f\u00fcr alle innerhalb des eigenen Internetangebotes gesetzten Links und Verweise. F\u00fcr illegale, fehlerhafte oder unvollst\u00e4ndige Inhalte und insbesondere f\u00fcr Sch\u00e4den, die aus der Nutzung oder Nichtnutzung solcherart dargebotener Informationen entstehen, haftet allein der Anbieter der Seite, auf welche verwiesen wurde, nicht derjenige, der \u00fcber Links auf die jeweilige Ver\u00f6ffentlichung lediglich verweist.<\/em><br><br><em><strong>Kontakt<\/strong><\/em><br><em>F\u00fcr Fragen oder auch Anregungen zum Datenschutz generell und zu unserer Datenschutzerkl\u00e4rung wenden Sie sich bitte per E-Mail an Hoffnungsvolle Tierherzen e.V.<\/em><\/h5>\n\n\n\n<p><\/p>\n","protected":false},"excerpt":{"rendered":"<p>Datenschutzerkl\u00e4rungHoffnungsvolle Tierherzen e.V. nimmt den Schutz personenbezogener Daten sehr ernst. Aus diesem Grund m\u00f6chten wir die Nutzer unseres Internetangebots auch dar\u00fcber informieren, welche Daten gespeichert werden und wie diese Daten verwendet werden. Diese Datenschutzerkl\u00e4rung (Privacy Policy) gilt f\u00fcr alle Internet-Auftritte<\/p>\n","protected":false},"author":1,"featured_media":0,"parent":0,"menu_order":0,"comment_status":"closed","ping_status":"closed","template":"","meta":[],"_links":{"self":[{"href":"https:\/\/vorstand.hoffnungsvolle-tierherzen.de\/index.php?rest_route=\/wp\/v2\/pages\/102"}],"collection":[{"href":"https:\/\/vorstand.hoffnungsvolle-tierherzen.de\/index.php?rest_route=\/wp\/v2\/pages"}],"about":[{"href":"https:\/\/vorstand.hoffnungsvolle-tierherzen.de\/index.php?rest_route=\/wp\/v2\/types\/page"}],"author":[{"embeddable":true,"href":"https:\/\/vorstand.hoffnungsvolle-tierherzen.de\/index.php?rest_route=\/wp\/v2\/users\/1"}],"replies":[{"embeddable":true,"href":"https:\/\/vorstand.hoffnungsvolle-tierherzen.de\/index.php?rest_route=%2Fwp%2Fv2%2Fcomments&post=102"}],"version-history":[{"count":4,"href":"https:\/\/vorstand.hoffnungsvolle-tierherzen.de\/index.php?rest_route=\/wp\/v2\/pages\/102\/revisions"}],"predecessor-version":[{"id":127,"href":"https:\/\/vorstand.hoffnungsvolle-tierherzen.de\/index.php?rest_route=\/wp\/v2\/pages\/102\/revisions\/127"}],"wp:attachment":[{"href":"https:\/\/vorstand.hoffnungsvolle-tierherzen.de\/index.php?rest_route=%2Fwp%2Fv2%2Fmedia&parent=102"}],"curies":[{"name":"wp","href":"https:\/\/api.w.org\/{rel}","templated":true}]}}